{"id":119,"date":"2020-08-20T10:02:41","date_gmt":"2020-08-20T10:02:41","guid":{"rendered":"https:\/\/daguaponics.com\/index.php\/about-us\/"},"modified":"2024-02-18T18:03:15","modified_gmt":"2024-02-18T17:03:15","slug":"producto_servicios","status":"publish","type":"page","link":"https:\/\/daguaponics.com\/index.php\/contacto\/producto_servicios\/","title":{"rendered":"Productos \/ Servicios"},"content":{"rendered":"\n<div class=\"wp-block-uagb-container uagb-block-c83c7f3f default uagb-is-root-container\">\n<div class=\"wp-block-uagb-advanced-heading uagb-block-7ce29fef\"><h1 class=\"uagb-heading-text\">SOMOS LO QUE COMEMOS<\/h1><\/div>\n<\/div>\n\n\n\n<div class=\"wp-block-uagb-advanced-heading uagb-block-65ea668f\"><h2 class=\"uagb-heading-text\">Productos<\/h2><\/div>\n\n\n\n<div class=\"wp-block-group has-ast-global-color-7-background-color has-background is-layout-constrained wp-container-core-group-is-layout-72190d31 wp-block-group-is-layout-constrained\" style=\"margin-top:0;margin-bottom:0;padding-top:0;padding-right:0;padding-bottom:0;padding-left:0\">\n<div class=\"wp-block-uagb-advanced-heading uagb-block-241cff7e\"><h3 class=\"uagb-heading-text\"><img loading=\"lazy\" decoding=\"async\" width=\"50\" height=\"50\" class=\"wp-image-1163\" style=\"width: 50px;\" src=\"http:\/\/daguaponics.com\/wp-content\/uploads\/2024\/01\/VEGETALES-ICONO.png\" alt=\"\" srcset=\"https:\/\/daguaponics.com\/wp-content\/uploads\/2024\/01\/VEGETALES-ICONO.png 250w, https:\/\/daguaponics.com\/wp-content\/uploads\/2024\/01\/VEGETALES-ICONO-150x150.png 150w, https:\/\/daguaponics.com\/wp-content\/uploads\/2024\/01\/VEGETALES-ICONO-100x100.png 100w\" sizes=\"auto, (max-width: 50px) 100vw, 50px\" \/>    Vegetales<\/h3><\/div>\n\n\n\t\t\t\t\t<div\n\t\t\t\t\t\tclass=\"wp-block-uagb-image-gallery uagb-block-d28ad278     \"\n\t\t\t\t\t\tstyle=\"\"\n\t\t\t\t\t>\n\t\t\t\t\t\t\t\t\t\t\t<div class=\"spectra-image-gallery spectra-image-gallery__layout--carousel\">\n\t\t\t\t\t\t\t\t<div class=\"uagb-slick-carousel uagb-block-d28ad278\">\n\t\t\t\t\t\t\t\t\t\t\t\t<div class='spectra-image-gallery__media-wrapper' data-spectra-gallery-image-id='1466'>\n\t\t\t\t\t\t\t<div class=\"spectra-image-gallery__media spectra-image-gallery__media--carousel\">\n\t\t\t\t<picture>\n\t\t\t\t\t<source media=\"(min-width: 1024px)\" srcset=\"http:\/\/daguaponics.com\/wp-content\/uploads\/2024\/02\/C-1-2-300x225.jpg\">\n\t\t\t\t\t<source media=\"(min-width: 768px)\" srcset=\"http:\/\/daguaponics.com\/wp-content\/uploads\/2024\/02\/C-1-2.jpg\">\n\t\t\t\t\t<img decoding=\"async\" class=\"spectra-image-gallery__media-thumbnail spectra-image-gallery__media-thumbnail--carousel\" src=\"http:\/\/daguaponics.com\/wp-content\/uploads\/2024\/02\/C-1-2.jpg\" alt=\"\" loading=\"lazy\" \/>\n\t\t\t\t<\/picture>\n\t\t\t\t<div class=\"spectra-image-gallery__media-thumbnail-blurrer\"><\/div>\n\t\t\t\t\t\t\t\t\t\t\t<div class=\"spectra-image-gallery__media-thumbnail-caption-wrapper spectra-image-gallery__media-thumbnail-caption-wrapper--overlay\">\n\t\t\t\t\t\t\t\t\t\t\t<div class=\"spectra-image-gallery__media-thumbnail-caption spectra-image-gallery__media-thumbnail-caption--overlay\">\n\t\t\t\t\tTomate Cherry (Eleva el nivel de sabor)\t\t\t\t<\/div>\n\t\t\t\t\t\t\t\t\t\t<\/div>\n\t\t\t\t\t\t\t\t\t<\/div>\n\t\t\t\t\t\t<\/div>\n\t\t\t\t\t\t<div class='spectra-image-gallery__media-wrapper' data-spectra-gallery-image-id='1467'>\n\t\t\t\t\t\t\t<div class=\"spectra-image-gallery__media spectra-image-gallery__media--carousel\">\n\t\t\t\t<picture>\n\t\t\t\t\t<source media=\"(min-width: 1024px)\" srcset=\"http:\/\/daguaponics.com\/wp-content\/uploads\/2024\/02\/C-4-1-300x225.jpg\">\n\t\t\t\t\t<source media=\"(min-width: 768px)\" srcset=\"http:\/\/daguaponics.com\/wp-content\/uploads\/2024\/02\/C-4-1.jpg\">\n\t\t\t\t\t<img decoding=\"async\" class=\"spectra-image-gallery__media-thumbnail spectra-image-gallery__media-thumbnail--carousel\" src=\"http:\/\/daguaponics.com\/wp-content\/uploads\/2024\/02\/C-4-1.jpg\" alt=\"\" loading=\"lazy\" \/>\n\t\t\t\t<\/picture>\n\t\t\t\t<div class=\"spectra-image-gallery__media-thumbnail-blurrer\"><\/div>\n\t\t\t\t\t\t\t\t\t\t\t<div class=\"spectra-image-gallery__media-thumbnail-caption-wrapper spectra-image-gallery__media-thumbnail-caption-wrapper--overlay\">\n\t\t\t\t\t\t\t\t\t\t\t<div class=\"spectra-image-gallery__media-thumbnail-caption spectra-image-gallery__media-thumbnail-caption--overlay\">\n\t\t\t\t\tCeboll\u00edn (Agrega estilo a tus preparaciones)\t\t\t\t<\/div>\n\t\t\t\t\t\t\t\t\t\t<\/div>\n\t\t\t\t\t\t\t\t\t<\/div>\n\t\t\t\t\t\t<\/div>\n\t\t\t\t\t\t<div class='spectra-image-gallery__media-wrapper' data-spectra-gallery-image-id='1468'>\n\t\t\t\t\t\t\t<div class=\"spectra-image-gallery__media spectra-image-gallery__media--carousel\">\n\t\t\t\t<picture>\n\t\t\t\t\t<source media=\"(min-width: 1024px)\" srcset=\"http:\/\/daguaponics.com\/wp-content\/uploads\/2024\/02\/C-2-1-300x225.jpg\">\n\t\t\t\t\t<source media=\"(min-width: 768px)\" srcset=\"http:\/\/daguaponics.com\/wp-content\/uploads\/2024\/02\/C-2-1.jpg\">\n\t\t\t\t\t<img decoding=\"async\" class=\"spectra-image-gallery__media-thumbnail spectra-image-gallery__media-thumbnail--carousel\" src=\"http:\/\/daguaponics.com\/wp-content\/uploads\/2024\/02\/C-2-1.jpg\" alt=\"\" loading=\"lazy\" \/>\n\t\t\t\t<\/picture>\n\t\t\t\t<div class=\"spectra-image-gallery__media-thumbnail-blurrer\"><\/div>\n\t\t\t\t\t\t\t\t\t\t\t<div class=\"spectra-image-gallery__media-thumbnail-caption-wrapper spectra-image-gallery__media-thumbnail-caption-wrapper--overlay\">\n\t\t\t\t\t\t\t\t\t\t\t<div class=\"spectra-image-gallery__media-thumbnail-caption spectra-image-gallery__media-thumbnail-caption--overlay\">\n\t\t\t\t\tCilantro (El toque que no debe faltar en el plato)\t\t\t\t<\/div>\n\t\t\t\t\t\t\t\t\t\t<\/div>\n\t\t\t\t\t\t\t\t\t<\/div>\n\t\t\t\t\t\t<\/div>\n\t\t\t\t\t\t<div class='spectra-image-gallery__media-wrapper' data-spectra-gallery-image-id='1469'>\n\t\t\t\t\t\t\t<div class=\"spectra-image-gallery__media spectra-image-gallery__media--carousel\">\n\t\t\t\t<picture>\n\t\t\t\t\t<source media=\"(min-width: 1024px)\" srcset=\"http:\/\/daguaponics.com\/wp-content\/uploads\/2024\/02\/C-3-1-300x225.jpg\">\n\t\t\t\t\t<source media=\"(min-width: 768px)\" srcset=\"http:\/\/daguaponics.com\/wp-content\/uploads\/2024\/02\/C-3-1.jpg\">\n\t\t\t\t\t<img decoding=\"async\" class=\"spectra-image-gallery__media-thumbnail spectra-image-gallery__media-thumbnail--carousel\" src=\"http:\/\/daguaponics.com\/wp-content\/uploads\/2024\/02\/C-3-1.jpg\" alt=\"\" loading=\"lazy\" \/>\n\t\t\t\t<\/picture>\n\t\t\t\t<div class=\"spectra-image-gallery__media-thumbnail-blurrer\"><\/div>\n\t\t\t\t\t\t\t\t\t\t\t<div class=\"spectra-image-gallery__media-thumbnail-caption-wrapper spectra-image-gallery__media-thumbnail-caption-wrapper--overlay\">\n\t\t\t\t\t\t\t\t\t\t\t<div class=\"spectra-image-gallery__media-thumbnail-caption spectra-image-gallery__media-thumbnail-caption--overlay\">\n\t\t\t\t\tAlbahaca (Aroma inigualable)\t\t\t\t<\/div>\n\t\t\t\t\t\t\t\t\t\t<\/div>\n\t\t\t\t\t\t\t\t\t<\/div>\n\t\t\t\t\t\t<\/div>\n\t\t\t\t\t\t<div class='spectra-image-gallery__media-wrapper' data-spectra-gallery-image-id='1470'>\n\t\t\t\t\t\t\t<div class=\"spectra-image-gallery__media spectra-image-gallery__media--carousel\">\n\t\t\t\t<picture>\n\t\t\t\t\t<source media=\"(min-width: 1024px)\" srcset=\"http:\/\/daguaponics.com\/wp-content\/uploads\/2024\/02\/CARRETE-1-300x225.jpg\">\n\t\t\t\t\t<source media=\"(min-width: 768px)\" srcset=\"http:\/\/daguaponics.com\/wp-content\/uploads\/2024\/02\/CARRETE-1.jpg\">\n\t\t\t\t\t<img decoding=\"async\" class=\"spectra-image-gallery__media-thumbnail spectra-image-gallery__media-thumbnail--carousel\" src=\"http:\/\/daguaponics.com\/wp-content\/uploads\/2024\/02\/CARRETE-1.jpg\" alt=\"\" loading=\"lazy\" \/>\n\t\t\t\t<\/picture>\n\t\t\t\t<div class=\"spectra-image-gallery__media-thumbnail-blurrer\"><\/div>\n\t\t\t\t\t\t\t\t\t\t\t<div class=\"spectra-image-gallery__media-thumbnail-caption-wrapper spectra-image-gallery__media-thumbnail-caption-wrapper--overlay\">\n\t\t\t\t\t\t\t\t\t\t\t<div class=\"spectra-image-gallery__media-thumbnail-caption spectra-image-gallery__media-thumbnail-caption--overlay\">\n\t\t\t\t\tLechuga Crespa\/Romana (Crujientes hojas frescas)\t\t\t\t<\/div>\n\t\t\t\t\t\t\t\t\t\t<\/div>\n\t\t\t\t\t\t\t\t\t<\/div>\n\t\t\t\t\t\t<\/div>\n\t\t\t\t\t\t\t\t\t\t\t<\/div>\n\t\t\t\t\t\t\t<\/div>\n\t\t\t\t\t\t\t\t\t\t\t<\/div>\n\t\t\t\t\t\t\t\t\t<\/div>\n\n\n\n<div class=\"wp-block-group has-ast-global-color-5-background-color has-background is-layout-constrained wp-block-group-is-layout-constrained\">\n<div class=\"wp-block-columns is-layout-flex wp-container-core-columns-is-layout-28f84493 wp-block-columns-is-layout-flex\">\n<div class=\"wp-block-column is-layout-flow wp-block-column-is-layout-flow\" style=\"flex-basis:100%\">\n<div class=\"wp-block-group is-layout-constrained wp-block-group-is-layout-constrained\">\n<div class=\"wp-block-uagb-advanced-heading uagb-block-27586365\"><h3 class=\"uagb-heading-text\"><img loading=\"lazy\" decoding=\"async\" width=\"50\" height=\"50\" class=\"wp-image-1166\" style=\"width: 50px;\" src=\"http:\/\/daguaponics.com\/wp-content\/uploads\/2024\/01\/PECES-ICONO.png\" alt=\"\" srcset=\"https:\/\/daguaponics.com\/wp-content\/uploads\/2024\/01\/PECES-ICONO.png 250w, https:\/\/daguaponics.com\/wp-content\/uploads\/2024\/01\/PECES-ICONO-150x150.png 150w, https:\/\/daguaponics.com\/wp-content\/uploads\/2024\/01\/PECES-ICONO-100x100.png 100w\" sizes=\"auto, (max-width: 50px) 100vw, 50px\" \/>    Peces  <\/h3><\/div>\n<\/div>\n<\/div>\n<\/div>\n\n\n\n<div class=\"wp-block-columns is-layout-flex wp-container-core-columns-is-layout-28f84493 wp-block-columns-is-layout-flex\">\n<div class=\"wp-block-column is-layout-flow wp-block-column-is-layout-flow\" style=\"border-style:none;border-width:0px;padding-right:0;padding-left:0;flex-basis:100%\">\t\t\t\t\t<div\n\t\t\t\t\t\tclass=\"wp-block-uagb-image-gallery uagb-block-34c90d34     \"\n\t\t\t\t\t\tstyle=\"\"\n\t\t\t\t\t>\n\t\t\t\t\t\t\t\t\t\t\t<div class=\"spectra-image-gallery spectra-image-gallery__layout--carousel\">\n\t\t\t\t\t\t\t\t<div class=\"uagb-slick-carousel uagb-block-34c90d34\">\n\t\t\t\t\t\t\t\t\t\t\t\t<div class='spectra-image-gallery__media-wrapper' data-spectra-gallery-image-id='1473'>\n\t\t\t\t\t\t\t<div class=\"spectra-image-gallery__media spectra-image-gallery__media--carousel\">\n\t\t\t\t<picture>\n\t\t\t\t\t<source media=\"(min-width: 1024px)\" srcset=\"http:\/\/daguaponics.com\/wp-content\/uploads\/2024\/02\/Tilapia-Roja-300x225.jpg\">\n\t\t\t\t\t<source media=\"(min-width: 768px)\" srcset=\"http:\/\/daguaponics.com\/wp-content\/uploads\/2024\/02\/Tilapia-Roja.jpg\">\n\t\t\t\t\t<img decoding=\"async\" class=\"spectra-image-gallery__media-thumbnail spectra-image-gallery__media-thumbnail--carousel\" src=\"http:\/\/daguaponics.com\/wp-content\/uploads\/2024\/02\/Tilapia-Roja.jpg\" alt=\"\" loading=\"lazy\" \/>\n\t\t\t\t<\/picture>\n\t\t\t\t<div class=\"spectra-image-gallery__media-thumbnail-blurrer\"><\/div>\n\t\t\t\t\t\t\t\t\t\t\t<div class=\"spectra-image-gallery__media-thumbnail-caption-wrapper spectra-image-gallery__media-thumbnail-caption-wrapper--overlay\">\n\t\t\t\t\t\t\t\t\t\t\t<div class=\"spectra-image-gallery__media-thumbnail-caption spectra-image-gallery__media-thumbnail-caption--overlay\">\n\t\t\t\t\tTilapia Roja Viva\t\t\t\t<\/div>\n\t\t\t\t\t\t\t\t\t\t<\/div>\n\t\t\t\t\t\t\t\t\t<\/div>\n\t\t\t\t\t\t<\/div>\n\t\t\t\t\t\t<div class='spectra-image-gallery__media-wrapper' data-spectra-gallery-image-id='1474'>\n\t\t\t\t\t\t\t<div class=\"spectra-image-gallery__media spectra-image-gallery__media--carousel\">\n\t\t\t\t<picture>\n\t\t\t\t\t<source media=\"(min-width: 1024px)\" srcset=\"http:\/\/daguaponics.com\/wp-content\/uploads\/2024\/02\/CARRETE-PECES-3-300x225.jpg\">\n\t\t\t\t\t<source media=\"(min-width: 768px)\" srcset=\"http:\/\/daguaponics.com\/wp-content\/uploads\/2024\/02\/CARRETE-PECES-3.jpg\">\n\t\t\t\t\t<img decoding=\"async\" class=\"spectra-image-gallery__media-thumbnail spectra-image-gallery__media-thumbnail--carousel\" src=\"http:\/\/daguaponics.com\/wp-content\/uploads\/2024\/02\/CARRETE-PECES-3.jpg\" alt=\"\" loading=\"lazy\" \/>\n\t\t\t\t<\/picture>\n\t\t\t\t<div class=\"spectra-image-gallery__media-thumbnail-blurrer\"><\/div>\n\t\t\t\t\t\t\t\t\t\t\t<div class=\"spectra-image-gallery__media-thumbnail-caption-wrapper spectra-image-gallery__media-thumbnail-caption-wrapper--overlay\">\n\t\t\t\t\t\t\t\t\t\t\t<div class=\"spectra-image-gallery__media-thumbnail-caption spectra-image-gallery__media-thumbnail-caption--overlay\">\n\t\t\t\t\tCamar\u00f3n de agua dulce\t\t\t\t<\/div>\n\t\t\t\t\t\t\t\t\t\t<\/div>\n\t\t\t\t\t\t\t\t\t<\/div>\n\t\t\t\t\t\t<\/div>\n\t\t\t\t\t\t<div class='spectra-image-gallery__media-wrapper' data-spectra-gallery-image-id='1475'>\n\t\t\t\t\t\t\t<div class=\"spectra-image-gallery__media spectra-image-gallery__media--carousel\">\n\t\t\t\t<picture>\n\t\t\t\t\t<source media=\"(min-width: 1024px)\" srcset=\"http:\/\/daguaponics.com\/wp-content\/uploads\/2024\/02\/CARRETE-PECES-2-300x225.jpg\">\n\t\t\t\t\t<source media=\"(min-width: 768px)\" srcset=\"http:\/\/daguaponics.com\/wp-content\/uploads\/2024\/02\/CARRETE-PECES-2.jpg\">\n\t\t\t\t\t<img decoding=\"async\" class=\"spectra-image-gallery__media-thumbnail spectra-image-gallery__media-thumbnail--carousel\" src=\"http:\/\/daguaponics.com\/wp-content\/uploads\/2024\/02\/CARRETE-PECES-2.jpg\" alt=\"\" loading=\"lazy\" \/>\n\t\t\t\t<\/picture>\n\t\t\t\t<div class=\"spectra-image-gallery__media-thumbnail-blurrer\"><\/div>\n\t\t\t\t\t\t\t\t\t\t\t<div class=\"spectra-image-gallery__media-thumbnail-caption-wrapper spectra-image-gallery__media-thumbnail-caption-wrapper--overlay\">\n\t\t\t\t\t\t\t\t\t\t\t<div class=\"spectra-image-gallery__media-thumbnail-caption spectra-image-gallery__media-thumbnail-caption--overlay\">\n\t\t\t\t\tTilapia Nilotica Viva\t\t\t\t<\/div>\n\t\t\t\t\t\t\t\t\t\t<\/div>\n\t\t\t\t\t\t\t\t\t<\/div>\n\t\t\t\t\t\t<\/div>\n\t\t\t\t\t\t\t\t\t\t\t<\/div>\n\t\t\t\t\t\t\t<\/div>\n\t\t\t\t\t\t\t\t\t\t\t<\/div>\n\t\t\t\t\t\t\t\t\t<\/div>\n<\/div>\n\n\n\n<div class=\"wp-block-uagb-container uagb-block-0d53db05 alignfull uagb-is-root-container\"><div class=\"uagb-container-inner-blocks-wrap\">\n<div class=\"wp-block-uagb-container uagb-block-1ec05ee6 alignfull uagb-is-root-container\"><div class=\"uagb-container-inner-blocks-wrap\">\n<div class=\"wp-block-uagb-image aligncenter uagb-block-55a3a73d wp-block-uagb-image--layout-default wp-block-uagb-image--effect-static wp-block-uagb-image--align-center\"><figure class=\"wp-block-uagb-image__figure\"><img decoding=\"async\" srcset=\"https:\/\/daguaponics.com\/wp-content\/uploads\/2024\/01\/Recurso-14.png ,https:\/\/daguaponics.com\/wp-content\/uploads\/2024\/01\/Recurso-14.png 780w, https:\/\/daguaponics.com\/wp-content\/uploads\/2024\/01\/Recurso-14.png 360w\" sizes=\"auto, (max-width: 480px) 150px\" src=\"https:\/\/daguaponics.com\/wp-content\/uploads\/2024\/01\/Recurso-14.png\" alt=\"\" class=\"uag-image-1260\" width=\"91\" height=\"73\" title=\"\" loading=\"lazy\"\/><\/figure><\/div>\n\n\n\n<h2 class=\"wp-block-heading has-text-align-center\"><strong>Vegetales acuap\u00f3nicos&nbsp;para hoteles restaurantes y cafeter\u00edas. (HORECA)<\/strong><\/h2>\n\n\n\n<p class=\"has-text-align-center\">Lidera el cambio en tu sector apostando por ingredientes sostenibles<\/p>\n\n\n\n<p class=\"has-text-align-center\">&nbsp;&nbsp;\u2022  Frescos y sabrosos.<\/p>\n\n\n\n<p class=\"has-text-align-center\">\u2022 Nutritivos y saludables.<\/p>\n\n\n\n<p class=\"has-text-align-center\">\u2022 Respetuosos con el medioambiente.<\/p>\n\n\n\n<p class=\"has-text-align-center\">Difer\u00e9nciate de la competencia con un producto innovador de calidad superior.<\/p>\n\n\n\n<div class=\"wp-block-uagb-container uagb-block-f82d7734\">\n<figure class=\"wp-block-image aligncenter size-full is-resized wp-container-content-9cfa9a5a\"><img loading=\"lazy\" decoding=\"async\" width=\"236\" height=\"252\" src=\"https:\/\/daguaponics.com\/wp-content\/uploads\/2024\/01\/Recurso-15.png\" alt=\"\" class=\"wp-image-1261\" style=\"width:57px;height:auto\"\/><\/figure>\n\n\n\n<h2 class=\"wp-block-heading has-text-align-center\"><strong>Tiendas, Minimarkets Y Fruver<\/strong><\/h2>\n\n\n\n<p class=\"has-text-align-center\">Los alimentos del futuro que tus clientes quieren consumir:<\/p>\n\n\n\n<p class=\"has-text-align-center\"> \u2022  Son productos locales y de Km. 0<\/p>\n\n\n\n<p class=\"has-text-align-center\">\u2022  Libres de qu\u00edmicos y m\u00e1s saludables<\/p>\n\n\n\n<p class=\"has-text-align-center\">\u2022  Respetuosos con el medioambiente<\/p>\n\n\n\n<p class=\"has-text-align-center\">\u00bfQuieres vender<strong>&nbsp;vegetales acuap\u00f3nicos<\/strong>&nbsp;en tu tienda?<\/p>\n\n\n\n<p class=\"has-text-align-center\">Difer\u00e9nciate de la competencia con un producto innovador de calidad superior.<\/p>\n<\/div>\n<\/div><\/div>\n<\/div><\/div>\n<\/div>\n\n\n\n<div class=\"wp-block-uagb-advanced-heading uagb-block-a1bd688a\"><h2 class=\"uagb-heading-text\">Servicios<\/h2><\/div>\n\n\n\n<div class=\"wp-block-columns is-layout-flex wp-container-core-columns-is-layout-28f84493 wp-block-columns-is-layout-flex\">\n<div class=\"wp-block-column is-layout-flow wp-block-column-is-layout-flow\" style=\"flex-basis:100%\">\n<div class=\"wp-block-uagb-container uagb-block-dc340946 alignfull uagb-is-root-container\"><div class=\"uagb-container-inner-blocks-wrap\">\n<div class=\"wp-block-columns is-layout-flex wp-container-core-columns-is-layout-28f84493 wp-block-columns-is-layout-flex\">\n<div class=\"wp-block-column is-layout-flow wp-block-column-is-layout-flow\" style=\"flex-basis:66.66%\">\n<figure class=\"wp-block-embed alignfull is-type-video is-provider-youtube wp-block-embed-youtube wp-embed-aspect-16-9 wp-has-aspect-ratio\" style=\"margin-top:0;margin-right:0;margin-bottom:0;margin-left:0\"><div class=\"wp-block-embed__wrapper\">\n<div class=\"ast-oembed-container \" style=\"height: 100%;\"><iframe loading=\"lazy\" title=\"RENDER GRANJA DAGUAPONICS\" width=\"500\" height=\"281\" src=\"https:\/\/www.youtube.com\/embed\/Tk_MqbBDxFY?feature=oembed\" frameborder=\"0\" allow=\"accelerometer; autoplay; clipboard-write; encrypted-media; gyroscope; picture-in-picture; web-share\" referrerpolicy=\"strict-origin-when-cross-origin\" allowfullscreen><\/iframe><\/div>\n<\/div><\/figure>\n\n\n\n<div class=\"wp-block-buttons is-content-justification-right is-layout-flex wp-container-core-buttons-is-layout-d445cf74 wp-block-buttons-is-layout-flex\">\n<div class=\"wp-block-button is-style-fill\"><a class=\"wp-block-button__link wp-element-button\" href=\"https:\/\/daguaponics.com\/index.php\/contacto\/\" target=\"_blank\" rel=\"noreferrer noopener\">Cont\u00e1ctanos<\/a><\/div>\n<\/div>\n<\/div>\n\n\n\n<div class=\"wp-block-column is-vertically-aligned-center is-layout-flow wp-block-column-is-layout-flow\" style=\"font-size:16px;flex-basis:33.33%\">\n<details class=\"wp-block-details has-border-color has-ast-global-color-8-border-color has-ast-global-color-2-color has-text-color has-link-color wp-elements-8dd9a31fed6d8922b83f67bb5b8e72b0 is-layout-flow wp-block-details-is-layout-flow\" style=\"font-style:normal;font-weight:700\"><summary>1. Asistencia<\/summary>\n<p style=\"font-style:normal;font-weight:400\">Asesor\u00eda t\u00e9cnica en construcci\u00f3n y\/o consultor\u00eda.<\/p>\n<\/details>\n\n\n\n<details class=\"wp-block-details has-border-color has-ast-global-color-8-border-color has-ast-global-color-2-color has-text-color has-link-color wp-elements-ed15d6b9ba88c4b5d621ff4f10d288df is-layout-flow wp-block-details-is-layout-flow\" style=\"font-style:normal;font-weight:700\"><summary>2. <strong>Formaci\u00f3n Presencial<\/strong><\/summary>\n<p style=\"font-style:normal;font-weight:400\">Reciba un entrenamiento presencial en nuestro laboratorio granja experimental. Donde le capacitaremos en las t\u00e9cnicas simbi\u00f3ticas m\u00e1s vanguardistas, con especial \u00e9nfasis en producci\u00f3n de Peces y Vegetales. Vivir\u00e1s una experiencia \u00fanica en un cultivo y aprender\u00e1s a producir alimentos para tu vida cotidiana o si eres mas arriesgado para crear un negocio.<\/p>\n<\/details>\n<\/div>\n<\/div>\n<\/div><\/div>\n<\/div>\n<\/div>\n","protected":false},"excerpt":{"rendered":"<p>SOMOS LO QUE COMEMOS Productos Vegetales Peces Vegetales acuap\u00f3nicos&nbsp;para hoteles restaurantes y cafeter\u00edas. (HORECA) Lidera el cambio en tu sector apostando por ingredientes sostenibles &nbsp;&nbsp;\u2022 Frescos y sabrosos. \u2022 Nutritivos y saludables. \u2022 Respetuosos con el medioambiente. Difer\u00e9nciate de la competencia con un producto innovador de calidad superior. Tiendas, Minimarkets Y Fruver Los alimentos del [&hellip;]<\/p>\n","protected":false},"author":1,"featured_media":0,"parent":120,"menu_order":0,"comment_status":"closed","ping_status":"closed","template":"","meta":{"_uag_custom_page_level_css":"","site-sidebar-layout":"default","site-content-layout":"plain-container","ast-site-content-layout":"normal-width-container","site-content-style":"unboxed","site-sidebar-style":"unboxed","ast-global-header-display":"","ast-banner-title-visibility":"","ast-main-header-display":"","ast-hfb-above-header-display":"","ast-hfb-below-header-display":"","ast-hfb-mobile-header-display":"","site-post-title":"disabled","ast-breadcrumbs-content":"","ast-featured-img":"disabled","footer-sml-layout":"","theme-transparent-header-meta":"enabled","adv-header-id-meta":"","stick-header-meta":"","header-above-stick-meta":"","header-main-stick-meta":"","header-below-stick-meta":"","astra-migrate-meta-layouts":"set","ast-page-background-enabled":"default","ast-page-background-meta":{"desktop":{"background-color":"","background-image":"","background-repeat":"repeat","background-position":"center center","background-size":"auto","background-attachment":"scroll","background-type":"","background-media":"","overlay-type":"","overlay-color":"","overlay-gradient":""},"tablet":{"background-color":"","background-image":"","background-repeat":"repeat","background-position":"center center","background-size":"auto","background-attachment":"scroll","background-type":"","background-media":"","overlay-type":"","overlay-color":"","overlay-gradient":""},"mobile":{"background-color":"","background-image":"","background-repeat":"repeat","background-position":"center center","background-size":"auto","background-attachment":"scroll","background-type":"","background-media":"","overlay-type":"","overlay-color":"","overlay-gradient":""}},"ast-content-background-meta":{"desktop":{"background-color":"var(--ast-global-color-5)","background-image":"","background-repeat":"repeat","background-position":"center center","background-size":"auto","background-attachment":"scroll","background-type":"","background-media":"","overlay-type":"","overlay-color":"","overlay-gradient":""},"tablet":{"background-color":"var(--ast-global-color-5)","background-image":"","background-repeat":"repeat","background-position":"center center","background-size":"auto","background-attachment":"scroll","background-type":"","background-media":"","overlay-type":"","overlay-color":"","overlay-gradient":""},"mobile":{"background-color":"var(--ast-global-color-5)","background-image":"","background-repeat":"repeat","background-position":"center center","background-size":"auto","background-attachment":"scroll","background-type":"","background-media":"","overlay-type":"","overlay-color":"","overlay-gradient":""}},"footnotes":""},"class_list":["post-119","page","type-page","status-publish","hentry"],"uagb_featured_image_src":{"full":false,"thumbnail":false,"medium":false,"medium_large":false,"large":false,"1536x1536":false,"2048x2048":false,"woocommerce_thumbnail":false,"woocommerce_single":false,"woocommerce_gallery_thumbnail":false},"uagb_author_info":{"display_name":"daguaponics.com","author_link":"https:\/\/daguaponics.com\/author\/daguaponics-com\/"},"uagb_comment_info":0,"uagb_excerpt":"SOMOS LO QUE COMEMOS Productos Vegetales Peces Vegetales acuap\u00f3nicos&nbsp;para hoteles restaurantes y cafeter\u00edas. (HORECA) Lidera el cambio en tu sector apostando por ingredientes sostenibles &nbsp;&nbsp;\u2022 Frescos y sabrosos. \u2022 Nutritivos y saludables. \u2022 Respetuosos con el medioambiente. Difer\u00e9nciate de la competencia con un producto innovador de calidad superior. Tiendas, Minimarkets Y Fruver Los alimentos del&hellip;","_links":{"self":[{"href":"https:\/\/daguaponics.com\/index.php\/wp-json\/wp\/v2\/pages\/119","targetHints":{"allow":["GET"]}}],"collection":[{"href":"https:\/\/daguaponics.com\/index.php\/wp-json\/wp\/v2\/pages"}],"about":[{"href":"https:\/\/daguaponics.com\/index.php\/wp-json\/wp\/v2\/types\/page"}],"author":[{"embeddable":true,"href":"https:\/\/daguaponics.com\/index.php\/wp-json\/wp\/v2\/users\/1"}],"replies":[{"embeddable":true,"href":"https:\/\/daguaponics.com\/index.php\/wp-json\/wp\/v2\/comments?post=119"}],"version-history":[{"count":41,"href":"https:\/\/daguaponics.com\/index.php\/wp-json\/wp\/v2\/pages\/119\/revisions"}],"predecessor-version":[{"id":1479,"href":"https:\/\/daguaponics.com\/index.php\/wp-json\/wp\/v2\/pages\/119\/revisions\/1479"}],"up":[{"embeddable":true,"href":"https:\/\/daguaponics.com\/index.php\/wp-json\/wp\/v2\/pages\/120"}],"wp:attachment":[{"href":"https:\/\/daguaponics.com\/index.php\/wp-json\/wp\/v2\/media?parent=119"}],"curies":[{"name":"wp","href":"https:\/\/api.w.org\/{rel}","templated":true}]}}